{"id":901,"date":"2025-09-02T13:54:32","date_gmt":"2025-09-02T11:54:32","guid":{"rendered":"https:\/\/hirurgija.med.bg.ac.rs\/?page_id=901"},"modified":"2025-09-03T15:39:40","modified_gmt":"2025-09-03T13:39:40","slug":"udzbenici","status":"publish","type":"page","link":"https:\/\/hirurgija.med.bg.ac.rs\/index.php\/udzbenici\/","title":{"rendered":"Ud\u017ebenici"},"content":{"rendered":"\n<div class=\"wp-block-group has-global-padding is-layout-constrained wp-container-core-group-is-layout-7c6d2669 wp-block-group-is-layout-constrained\">\n<hr class=\"wp-block-separator has-alpha-channel-opacity is-style-swt-separator-wide-thin-line\"\/>\n\n\n\n<p class=\"has-background-color has-vivid-cyan-blue-background-color has-text-color has-background has-link-color wp-elements-8fe27f35b83c593060bce01beff5c0c7\"><strong>ISTORIJAT UD\u017dBENIKA KATEDRE<\/strong><\/p>\n<\/div>\n\n\n\n<div class=\"wp-block-group has-global-padding is-layout-constrained wp-container-core-group-is-layout-7c6d2669 wp-block-group-is-layout-constrained\">\n<figure class=\"wp-block-embed aligncenter is-type-video is-provider-youtube wp-block-embed-youtube wp-embed-aspect-16-9 wp-has-aspect-ratio\"><div class=\"wp-block-embed__wrapper\">\n<iframe title=\"50 godina udzbenika iz hirurgije\" width=\"500\" height=\"281\" src=\"https:\/\/www.youtube.com\/embed\/H-4j8ldJx_c?feature=oembed\" frameborder=\"0\" allow=\"accelerometer; autoplay; clipboard-write; encrypted-media; gyroscope; picture-in-picture; web-share\" referrerpolicy=\"strict-origin-when-cross-origin\" allowfullscreen><\/iframe>\n<\/div><\/figure>\n\n\n\n<p><strong>1973 <\/strong>&#8211; Prvi zvani\u010dni ud\u017ebenik Katedre hirurgije na Medicinskom fakultetu Unierziteta u Beogradu je objavljen 1973. godine, pod nazivom \u201e<strong><em>Hirurgija \u2013 ud\u017ebenik za medicinare i lekare<\/em><\/strong>\u201c, a urednici su bili akademici SANU <strong>prof. Sava Petkovi\u0107<\/strong> i <strong>prof. Stanislav Bukurov<\/strong>. Izdava\u010d je bio Medicinska knjiga Beograd-Zagreb.<\/p>\n\n\n\n<p><strong>1988<\/strong> &#8211; Drugi ud\u017ebenik je iza\u0161ao iz \u0161tampe 1988. godine pod nazivom <em>\u201e<strong>Osnovi hirurgije \u2013 ud\u017ebenik za studente medicine<\/strong>\u201c<\/em>&nbsp;, a predsednik redakcionog odbora je bio akademik SANU <strong>prof. Zoran B. Gerzi\u0107<\/strong>. Izdava\u010d drugog ud\u017ebenika je bio Medicinski fakultet Univerziteta u Beogradu. <\/p>\n\n\n\n<p><strong>1994 <\/strong>&#8211; Nakon \u0161est godina publikovan je ud\u017ebenik&nbsp; \u201e<strong><em>Hirurgija \u2013 osnovi hirurgije; Op\u0161ti i specijalni deo<\/em><\/strong>\u201c, \u010diji su glavni urednici bili <strong>prof. Milan Dragovi\u0107 <\/strong>i <strong>akademik prof. Zoran B. Gerzi\u0107<\/strong>. Izdava\u010d je bio Medicinska knjiga Beograd. <\/p>\n\n\n\n<p><strong>2000 <\/strong>&#8211; Novi ud\u017ebenik pod nazivom \u201e<strong><em>Hirurgija za studente i lekare<\/em><\/strong>\u201c \u010diji je glavni  urednik bio <strong>redovni prof. Dragoslav Stevovi\u0107<\/strong> je objavljen 2000. godine. Izdava\u010d je bio Savremena administracja, Beograd.<\/p>\n\n\n\n<p><strong>2008<\/strong> &#8211; Osam godina kasnije, nasledi\u0107e ga ud\u017ebenik \u201e<strong><em>Hirurgija za studente medicine<\/em><\/strong>\u201c, \u010diji je urednik <strong>redovni prof. \u017divan Maksimovi\u0107<\/strong>, a izdava\u010d je bio Medicinski fakultet Univerziteta u Beogradu. Ud\u017ebenik je bio u tvrdom formatu sa ukupno 978 strana.<\/p>\n\n\n\n<div class=\"wp-block-uagb-container uagb-block-67abe7eb alignfull uagb-is-root-container\"><div class=\"uagb-container-inner-blocks-wrap\"><\/div><\/div>\n\n\n\n<p class=\"has-background-color has-vivid-cyan-blue-background-color has-text-color has-background has-link-color wp-elements-1510aa32538364f1a3e0e5014de70b0c\"><strong>UD\u017dBENIK KATEDRE<\/strong><\/p>\n\n\n\n<figure class=\"wp-block-embed is-type-video is-provider-youtube wp-block-embed-youtube wp-embed-aspect-16-9 wp-has-aspect-ratio\"><div class=\"wp-block-embed__wrapper\">\n<iframe title=\"Hirurgija sa anesteziologijom\" width=\"500\" height=\"281\" src=\"https:\/\/www.youtube.com\/embed\/pzciIcvvOy4?feature=oembed\" frameborder=\"0\" allow=\"accelerometer; autoplay; clipboard-write; encrypted-media; gyroscope; picture-in-picture; web-share\" referrerpolicy=\"strict-origin-when-cross-origin\" allowfullscreen><\/iframe>\n<\/div><\/figure>\n\n\n\n<p>Aktuelni, \u0161esti zvani\u010dni ud\u017ebenik Katedre hirurgije je objavljen u maju 2023. god. pod nazivom \u201e<strong><em>Hirurgija sa anesteziologijom<\/em><\/strong>\u201c, a urednici su <strong>redovni prof. Aleksandar P. Simi\u0107, redovni prof. Danica Gruji\u010di\u0107 i doc. Du\u0161ko Spasovski<\/strong>. Izdava\u010d je Centar za izdava\u010dku, bibliote\u010dku i informati\u010dku delatnost (CIBID) Medicinskog fakulteta Univerziteta u Beogradu.<\/p>\n\n\n\n<figure class=\"wp-block-image aligncenter is-resized\"><img decoding=\"async\" src=\"https:\/\/hirurgija.med.bg.ac.rs\/wp-content\/uploads\/2025\/01\/Promocija-knjige-2-300x300.png\" alt=\"\" style=\"width:394px;height:auto\" title=\"\"\/><\/figure>\n\n\n\n<p>Sadr\u017eaj aktuelnog ud\u017ebenika je sistematizovan u \u010detiri osnovna dela podeljenih u 97 poglavlja, koja konceptualno i sadr\u017eajno odgovaraju strukturi plana i programa nastavnih jedinica iz predmeta hirurgije na Medicinskom fakultetu Univerziteta u Beogradu. <br>Prvi deo ud\u017ebenika je koncipiran u vidu tri poglavlja u kojima su prikazani nezaobilazni osnovni pojmovi kao i filozofski koncept savremene hirur\u0161ke prakse, kao i eti\u010dke i istorijske \u010dinjenice kojih svaki student medicine ali i lekar mora biti u potpunosti svestan. Ne sme se zaboraviti da razvoj hirurgije nesporno po\u010diva na visokim eti\u010dkim principima, ali i hrabrim i lucidnim pionirskim dostignu\u0107ima na\u0161ih, u hirur\u0161kom svetu besmrtnih prethodnika. Istorijatu hirurgije je posve\u0107ena du\u017ena pa\u017enja, jer je poznavanje najva\u017enijih elemenata istorijskog nasle\u0111a hirurgije ne samo obavezni segment nastavnog opusa koji je \u010desto zanemarivan, ve\u0107 i svojevrstan odraz intelektualne \u0161irine budu\u0107eg lekara. <br>U drugom delu sastavljenom od 16 poglavlja je dat koncept op\u0161te hirurgije, odnosno oblasti koje svaki diplomirani student medicine neosporno mora dobro da poznaje. U ovom delu ud\u017ebenika su prikazani osnovni op\u0161ti principi savremene hirurgije zajedno sa prakti\u010dnim delovima koji se odnose na razumevanje i le\u010denje pre sevga hitnih hirur\u0161kih stanja. <br>U tre\u0107em delu je u 8 poglavlja po prvi put sa\u017eeto sve \u0161to je neophodno kako bi se razumele osnove anesteziologije, reanimatologije i intenzivnog le\u010denja, kao neizostavnih i komplementarnih delova savremene hirurgije. <br>U poslednjem, \u010detvrtom delu nazvanom \u201eSpecijalna hirurgija\u201c je u jedanaest hirur\u0161kih specijalnosti, podeljenih u ukupno 70 poglavlja, predstavljen savremeni organolo\u0161ki koncept, gde su razmatrane patofiziolo\u0161ke, klini\u010dke, dijagnosti\u010dke i terapijske specifi\u010dnosti oboljenja pojedinih organa. <em>Au courant <\/em>koncept je o\u010digledan u \u010ditavom ud\u017ebeniku i ilustrovan je odgovaraju\u0107im naglaskom na bolestima od savremenog hirur\u0161kog interesa.<\/p>\n\n\n\n<figure class=\"wp-block-image aligncenter size-large is-resized\"><a href=\"https:\/\/hirurgija.med.bg.ac.rs\/wp-content\/uploads\/2025\/09\/Udzbenik-HIRURGIJA-SA-ANESTEZIOLOGIJOM-2023-uvod-sa-koricom.pdf\"><img fetchpriority=\"high\" decoding=\"async\" width=\"727\" height=\"1024\" src=\"https:\/\/hirurgija.med.bg.ac.rs\/wp-content\/uploads\/2025\/07\/Udzbenik-Hirurgija-sa-anesteziologijom-korice-727x1024.png\" alt=\"\" class=\"wp-image-777\" style=\"width:411px;height:auto\" srcset=\"https:\/\/hirurgija.med.bg.ac.rs\/wp-content\/uploads\/2025\/07\/Udzbenik-Hirurgija-sa-anesteziologijom-korice-727x1024.png 727w, https:\/\/hirurgija.med.bg.ac.rs\/wp-content\/uploads\/2025\/07\/Udzbenik-Hirurgija-sa-anesteziologijom-korice-213x300.png 213w, https:\/\/hirurgija.med.bg.ac.rs\/wp-content\/uploads\/2025\/07\/Udzbenik-Hirurgija-sa-anesteziologijom-korice-768x1082.png 768w, https:\/\/hirurgija.med.bg.ac.rs\/wp-content\/uploads\/2025\/07\/Udzbenik-Hirurgija-sa-anesteziologijom-korice-1090x1536.png 1090w, https:\/\/hirurgija.med.bg.ac.rs\/wp-content\/uploads\/2025\/07\/Udzbenik-Hirurgija-sa-anesteziologijom-korice.png 1257w\" sizes=\"(max-width: 727px) 100vw, 727px\" \/><\/a><\/figure>\n\n\n\n<p class=\"has-text-align-center\">Sadr\u017eaj i uvodna poglavlja ud\u017ebenika mo\u017eete pogledati <a href=\"https:\/\/hirurgija.med.bg.ac.rs\/wp-content\/uploads\/2025\/09\/Udzbenik-HIRURGIJA-SA-ANESTEZIOLOGIJOM-2023-uvod-sa-koricom.pdf\"><strong>OVDE<\/strong><\/a><\/p>\n<\/div>\n\n\n\n<hr class=\"wp-block-separator has-alpha-channel-opacity is-style-swt-separator-wide-thin-line\"\/>\n\n\n\n<div class=\"wp-block-group has-global-padding is-layout-constrained wp-container-core-group-is-layout-c40a8074 wp-block-group-is-layout-constrained\">\n<p class=\"has-background-color has-vivid-cyan-blue-background-color has-text-color has-background has-link-color wp-elements-47c3ab3433a3e19d22f37c29afc65d10\"><strong>UD\u017dBENIK IZ PRVE POMO\u0106I<\/strong><\/p>\n\n\n\n<p>Ud\u017ebenik \u201e<strong>Prva pomo\u0107: ud\u017ebenik za studente medicine<\/strong>\u201c glavnog urednika <strong>prof. dr \u017divana Maksimovi\u0107a<\/strong>, izdat je <strong>2015. godine<\/strong> od strane Medicinskog fakulteta Univerziteta u Beogradu. Ona predstavlja temeljni ud\u017ebenik namenjen studentima medicine, posebno onima u ranim fazama studija. Ovaj ud\u017ebenik ima ukupno 217 strana i predstavlja integralni deo nastavnog plana i programa integrisanih akademskih studija medicine na Medicinskom fakultetu Univerziteta u Beogradu, gde je predmet \u201ePrva pomo\u0107\u201c obavezan u prvom semestru prve godine.<\/p>\n\n\n\n<hr class=\"wp-block-separator has-alpha-channel-opacity is-style-swt-separator-wide-thin-line\"\/>\n\n\n\n<p class=\"has-background-color has-vivid-cyan-blue-background-color has-text-color has-background has-link-color wp-elements-0f5e0ae438ed40819de32ef301aaa7ca\"><strong>OSNOVI KLINI\u010cKE PRAKSE I<\/strong><\/p>\n\n\n\n<p>Praktikum sa obja\u0161njenim ve\u0161tinama iz OSNOVA KLINI\u010cKE PRAKSE 1 autora doc. dr Sla\u0111ane Mati\u0107 i prof. dr Danice Gruji\u010di\u0107 je objaljen 2021. a izdava\u010d je medicinski fakultet Univerziteta u Beogradu.<\/p>\n\n\n\n<hr class=\"wp-block-separator has-alpha-channel-opacity is-style-swt-separator-wide-thin-line\"\/>\n\n\n\n<p class=\"has-background-color has-vivid-cyan-blue-background-color has-text-color has-background has-link-color wp-elements-0a4dd4fd259c05b38e6a4f230bdacf98\"><strong>OSNOVI KLINI\u010cKE PRAKSE II<\/strong><\/p>\n\n\n\n<p>Praktikum sa obja\u0161njenim ve\u0161tinama iz OSNOVA KLINI\u010cKE PRAKSE 2 autora doc. dr Sla\u0111ane Mati\u0107 i prof. dr Danice Gruji\u010di\u0107. Praktikum je objavljen 2021. a izdava\u010d je Medicinski fakultet Univerziteta u Begradu. <\/p>\n<\/div>\n","protected":false},"excerpt":{"rendered":"<p>ISTORIJAT UD\u017dBENIKA KATEDRE 1973 &#8211; Prvi zvani\u010dni ud\u017ebenik Katedre hirurgije na Medicinskom fakultetu Unierziteta u Beogradu je objavljen 1973. godine, pod nazivom \u201eHirurgija \u2013 ud\u017ebenik za medicinare i lekare\u201c, a urednici su bili akademici SANU prof. Sava Petkovi\u0107 i prof. Stanislav Bukurov. Izdava\u010d je bio Medicinska knjiga Beograd-Zagreb. 1988 &#8211; Drugi ud\u017ebenik je iza\u0161ao iz [&hellip;]<\/p>\n","protected":false},"author":2,"featured_media":0,"parent":0,"menu_order":0,"comment_status":"closed","ping_status":"closed","template":"","meta":{"_acf_changed":false,"_uag_custom_page_level_css":"","_swt_meta_header_display":false,"_swt_meta_footer_display":false,"_swt_meta_site_title_display":false,"_swt_meta_sticky_header":false,"_swt_meta_transparent_header":false,"footnotes":""},"class_list":["post-901","page","type-page","status-publish","hentry"],"acf":[],"uagb_featured_image_src":{"full":false,"thumbnail":false,"medium":false,"medium_large":false,"large":false,"1536x1536":false,"2048x2048":false,"ultp_layout_landscape_large":false,"ultp_layout_landscape":false,"ultp_layout_portrait":false,"ultp_layout_square":false},"uagb_author_info":{"display_name":"Aleksandar Simic","author_link":"https:\/\/hirurgija.med.bg.ac.rs\/index.php\/author\/simadmin\/"},"uagb_comment_info":0,"uagb_excerpt":"ISTORIJAT UD\u017dBENIKA KATEDRE 1973 &#8211; Prvi zvani\u010dni ud\u017ebenik Katedre hirurgije na Medicinskom fakultetu Unierziteta u Beogradu je objavljen 1973. godine, pod nazivom \u201eHirurgija \u2013 ud\u017ebenik za medicinare i lekare\u201c, a urednici su bili akademici SANU prof. Sava Petkovi\u0107 i prof. Stanislav Bukurov. Izdava\u010d je bio Medicinska knjiga Beograd-Zagreb. 1988 &#8211; Drugi ud\u017ebenik je iza\u0161ao iz&hellip;","_links":{"self":[{"href":"https:\/\/hirurgija.med.bg.ac.rs\/index.php\/wp-json\/wp\/v2\/pages\/901","targetHints":{"allow":["GET"]}}],"collection":[{"href":"https:\/\/hirurgija.med.bg.ac.rs\/index.php\/wp-json\/wp\/v2\/pages"}],"about":[{"href":"https:\/\/hirurgija.med.bg.ac.rs\/index.php\/wp-json\/wp\/v2\/types\/page"}],"author":[{"embeddable":true,"href":"https:\/\/hirurgija.med.bg.ac.rs\/index.php\/wp-json\/wp\/v2\/users\/2"}],"replies":[{"embeddable":true,"href":"https:\/\/hirurgija.med.bg.ac.rs\/index.php\/wp-json\/wp\/v2\/comments?post=901"}],"version-history":[{"count":20,"href":"https:\/\/hirurgija.med.bg.ac.rs\/index.php\/wp-json\/wp\/v2\/pages\/901\/revisions"}],"predecessor-version":[{"id":1066,"href":"https:\/\/hirurgija.med.bg.ac.rs\/index.php\/wp-json\/wp\/v2\/pages\/901\/revisions\/1066"}],"wp:attachment":[{"href":"https:\/\/hirurgija.med.bg.ac.rs\/index.php\/wp-json\/wp\/v2\/media?parent=901"}],"curies":[{"name":"wp","href":"https:\/\/api.w.org\/{rel}","templated":true}]}}