{"id":884,"date":"2025-09-02T13:31:36","date_gmt":"2025-09-02T11:31:36","guid":{"rendered":"https:\/\/hirurgija.med.bg.ac.rs\/?page_id=884"},"modified":"2025-09-03T15:33:37","modified_gmt":"2025-09-03T13:33:37","slug":"sefovi-katedre","status":"publish","type":"page","link":"https:\/\/hirurgija.med.bg.ac.rs\/index.php\/sefovi-katedre\/","title":{"rendered":"Rukovodioci i akademici Katedre"},"content":{"rendered":"\n<div class=\"wp-block-uagb-container uagb-block-ee323693 alignfull uagb-is-root-container\"><div class=\"uagb-container-inner-blocks-wrap\">\n<h4 class=\"wp-block-heading has-background-color has-vivid-cyan-blue-background-color has-text-color has-background has-link-color wp-elements-0b5896ba59c38c3ebf15826be3bbdca4\">\u0160efovi Katedre<\/h4>\n<\/div><\/div>\n\n\n\n<div class=\"wp-block-group has-global-padding is-layout-constrained wp-container-core-group-is-layout-7c6d2669 wp-block-group-is-layout-constrained\">\n<div class=\"wp-block-uagb-container uagb-block-96a475a0 alignfull uagb-is-root-container\"><div class=\"uagb-container-inner-blocks-wrap\">\n<h5 class=\"wp-block-heading\"><mark style=\"background-color:rgba(0, 0, 0, 0);color:#0693e3\" class=\"has-inline-color\">Katedre hirurgije<\/mark><\/h5>\n<\/div><\/div>\n\n\n\n<ul class=\"wp-block-list\">\n<li><strong>Prof. Vojislav J. Subboti\u0107<\/strong>, Katedra za op\u0161tu i specijalnu hirurgiju 1923<\/li>\n\n\n\n<li><strong>Prof. Mihailo Petrovi\u0107<\/strong>, Katedra za hirur\u0161ku propedevtiku 1923 \u2013 1934<\/li>\n\n\n\n<li><strong>Prof. Milivoje Kosti\u0107<\/strong>, Katedra za op\u0161tu i specijalnu hirurgiju 1924 \u2013 1934<\/li>\n\n\n\n<li><strong>Prof. \u010cedomir \u0110ur\u0111evi\u0107<\/strong>, Katedra za ratnu hirurgiju 1923-1929<\/li>\n<\/ul>\n\n\n\n<div class=\"wp-block-uagb-container uagb-block-425f42b4 alignfull uagb-is-root-container\"><div class=\"uagb-container-inner-blocks-wrap\">\n<h5 class=\"wp-block-heading\"><mark style=\"background-color:rgba(0, 0, 0, 0);color:#0693e3\" class=\"has-inline-color\">Katedra za hirurgiju sa ratnom hirurgijom<\/mark><\/h5>\n<\/div><\/div>\n\n\n\n<ul class=\"wp-block-list\">\n<li><strong>Prof. Milivoje Kosti\u0107<\/strong> 1934 \u2013 1956<\/li>\n\n\n\n<li><strong>Prof. Vojislav Stojanovi\u0107<\/strong> 1956 \u2013 1968<\/li>\n\n\n\n<li><strong>Prof. Ljubomir Ra\u0161ovi\u0107 <\/strong>1968-1970<\/li>\n\n\n\n<li><strong>Prof. Borislav Vujadinovi\u0107<\/strong> 1970-1976<\/li>\n\n\n\n<li><strong>Prof. Branko Radulovi\u0107 <\/strong>1976-1978<\/li>\n\n\n\n<li><strong>Prof. Cvetko Raki\u0107<\/strong> 1978-1980<\/li>\n\n\n\n<li><strong>Prof. Milenko Risti\u0107<\/strong> 1980-1982<\/li>\n\n\n\n<li><strong>Prof. \u017divorad \u0110or\u0111evi\u0107<\/strong> 1982-1984<\/li>\n\n\n\n<li><strong>Prof. Svetomir Leki\u0107<\/strong> 1984-1986<\/li>\n\n\n\n<li><strong>Prof. Aleksandar Karad\u017ei\u0107<\/strong> 1986-1988<\/li>\n\n\n\n<li><strong>Prof. Zoran Gerzi\u0107 <\/strong>1988-1992<\/li>\n\n\n\n<li><strong>Prof. Dragoslav Stevovi\u0107<\/strong> 1992-2000<\/li>\n\n\n\n<li><strong>Prof. Radoje \u010colovi\u0107<\/strong> 2000-2002<\/li>\n\n\n\n<li><strong>Prof. Milo\u0161 Popovi\u0107<\/strong> 2002-2004<\/li>\n<\/ul>\n\n\n\n<div class=\"wp-block-uagb-container uagb-block-c97ff64f alignfull uagb-is-root-container\"><div class=\"uagb-container-inner-blocks-wrap\">\n<h5 class=\"wp-block-heading\"><mark style=\"background-color:rgba(0, 0, 0, 0);color:#0693e3\" class=\"has-inline-color\">Katedra za hirurgiju sa anesteziologijom<\/mark><\/h5>\n<\/div><\/div>\n\n\n\n<ul class=\"wp-block-list\">\n<li><strong>Prof. \u017divan Maksimovi\u0107<\/strong> 2004-2015<\/li>\n\n\n\n<li><strong>Prof. Danica Gruju\u010di\u0107<\/strong> 2015\u20132021<\/li>\n\n\n\n<li><strong>Prof. Aleksandar Simi\u0107<\/strong> 2021-<\/li>\n<\/ul>\n\n\n\n<hr class=\"wp-block-separator has-alpha-channel-opacity is-style-swt-separator-wide-thin-line\"\/>\n<\/div>\n\n\n\n<div class=\"wp-block-uagb-container uagb-block-d027b9fe alignfull uagb-is-root-container\"><div class=\"uagb-container-inner-blocks-wrap\">\n<h4 class=\"wp-block-heading has-background-color has-vivid-cyan-blue-background-color has-text-color has-background has-link-color wp-elements-5b572213235c93deaaa40d39ccf6d6cb\">Dekani i prodekani<\/h4>\n<\/div><\/div>\n\n\n\n<div class=\"wp-block-group is-nowrap is-layout-flex wp-container-core-group-is-layout-6c531013 wp-block-group-is-layout-flex\">\n<div class=\"wp-block-group has-global-padding is-layout-constrained wp-container-core-group-is-layout-7c6d2669 wp-block-group-is-layout-constrained\">\n<div class=\"wp-block-uagb-container uagb-block-48fc4584 alignfull uagb-is-root-container\"><div class=\"uagb-container-inner-blocks-wrap\">\n<h5 class=\"wp-block-heading\"><mark style=\"background-color:rgba(0, 0, 0, 0);color:#0693e3\" class=\"has-inline-color\">Dekani<\/mark><\/h5>\n<\/div><\/div>\n\n\n\n<ul class=\"wp-block-list\">\n<li><strong>Prof. dr Vojislav Subboti\u0107<\/strong> 1922-1923<\/li>\n\n\n\n<li><strong>Prof. dr Milivoje Kosti\u0107 <\/strong>1940-42<\/li>\n\n\n\n<li><strong>Prof. dr Lazar Davidovi\u0107<\/strong> 2021-24<\/li>\n<\/ul>\n\n\n\n<div class=\"wp-block-uagb-container uagb-block-fb02522c alignfull uagb-is-root-container\"><div class=\"uagb-container-inner-blocks-wrap\">\n<h5 class=\"wp-block-heading\"><mark style=\"background-color:rgba(0, 0, 0, 0);color:#0693e3\" class=\"has-inline-color\">Prodekani<\/mark><\/h5>\n<\/div><\/div>\n\n\n\n<ul class=\"wp-block-list\">\n<li><strong>Prof. Vojislav Subboti\u0107 <\/strong><\/li>\n\n\n\n<li><strong>Prof. Milivoje Kosti\u0107<\/strong><\/li>\n\n\n\n<li><strong>Prof. Vojislav Stojanovi\u0107<\/strong><\/li>\n\n\n\n<li><strong>Prof. Ljubomir Ra\u0161ovi\u0107<\/strong><\/li>\n\n\n\n<li><strong>Prof. Manojlo Budisavljevi\u0107<\/strong><\/li>\n\n\n\n<li><strong>Prof. Svetomir Leki\u0107<\/strong><\/li>\n\n\n\n<li><strong>Prof. Vladimir Petroni\u0107<\/strong><\/li>\n\n\n\n<li><strong>Prof. Dragan Dugali\u0107<\/strong><\/li>\n\n\n\n<li><strong>Prof. Vasilije Kalezi\u0107<\/strong><\/li>\n\n\n\n<li><strong>Prof. \u0110or\u0111e Radak<\/strong><\/li>\n\n\n\n<li><strong>Prof. Predrag Pe\u0161ko<\/strong><\/li>\n\n\n\n<li><strong>Prof. Ivan Paunovi\u0107<\/strong><\/li>\n\n\n\n<li><strong>Prof. Danica Gruju\u010di\u0107<\/strong><\/li>\n\n\n\n<li><strong>Prof. Vladan \u017divaljevi\u0107<\/strong><\/li>\n<\/ul>\n<\/div>\n<\/div>\n\n\n\n<div class=\"wp-block-uagb-container uagb-block-de7b02ea alignfull uagb-is-root-container\"><div class=\"uagb-container-inner-blocks-wrap\">\n<h4 class=\"wp-block-heading has-background-color has-vivid-cyan-blue-background-color has-text-color has-background has-link-color wp-elements-a744866e20dd4a9b6e40bdf621f629ce\">Akademici<\/h4>\n<\/div><\/div>\n\n\n\n<div class=\"wp-block-group is-nowrap is-layout-flex wp-container-core-group-is-layout-6c531013 wp-block-group-is-layout-flex\">\n<div class=\"wp-block-group has-global-padding is-layout-constrained wp-container-core-group-is-layout-7c6d2669 wp-block-group-is-layout-constrained\">\n<div class=\"wp-block-uagb-container uagb-block-3d3a1b40 alignfull uagb-is-root-container\"><div class=\"uagb-container-inner-blocks-wrap\">\n<h5 class=\"wp-block-heading\"><mark style=\"background-color:rgba(0, 0, 0, 0);color:#0693e3\" class=\"has-inline-color\">Srpska akademija nauka i umetnosti<\/mark><\/h5>\n<\/div><\/div>\n\n\n\n<ul class=\"wp-block-list\">\n<li><strong>Milivoje Kosti\u0107<\/strong><\/li>\n\n\n\n<li><strong>Dimitrije Jov\u010di\u0107<\/strong><\/li>\n\n\n\n<li><strong>Bogdan Kosanovi\u0107<\/strong><\/li>\n\n\n\n<li><strong>Sava Petkovi\u0107<\/strong><\/li>\n\n\n\n<li><strong>Mitar Mitrovi\u0107<\/strong><\/li>\n\n\n\n<li><strong>Slobodan Kosti\u0107<\/strong><\/li>\n\n\n\n<li><strong>Stanislav Bukurov<\/strong><\/li>\n\n\n\n<li><strong>\u017divojin Bumba\u0161irevi\u0107<\/strong><\/li>\n\n\n\n<li><strong>Milan \u0110or\u0111evi\u0107<\/strong><\/li>\n\n\n\n<li><strong>Sava Perovi\u0107<\/strong><\/li>\n\n\n\n<li><strong>Zoran Gerzi\u0107<\/strong><\/li>\n\n\n\n<li><strong>Jovan Had\u017ei \u0110oki\u0107<\/strong><\/li>\n\n\n\n<li><strong>Radoje \u010colovi\u0107<\/strong><\/li>\n\n\n\n<li><strong>Predrag Pe\u0161ko<\/strong><\/li>\n\n\n\n<li><strong>\u0110or\u0111e Radak<\/strong><\/li>\n\n\n\n<li><strong>Zoran Krivokapi\u0107<\/strong><\/li>\n\n\n\n<li><strong>Marko Bumba\u0161irevi\u0107<\/strong><\/li>\n<\/ul>\n\n\n\n<div class=\"wp-block-uagb-container uagb-block-0ffbfb0d alignfull uagb-is-root-container\"><div class=\"uagb-container-inner-blocks-wrap\">\n<h5 class=\"wp-block-heading\"><strong><mark style=\"background-color:rgba(0, 0, 0, 0);color:#0693e3\" class=\"has-inline-color\">Crnogorska akademija nauka i umetnosti<\/mark><\/strong><\/h5>\n<\/div><\/div>\n\n\n\n<ul class=\"wp-block-list\">\n<li><strong>Ljubomir Ra\u0161ovi\u0107<\/strong><\/li>\n\n\n\n<li><strong>Milan Dragovi\u0107<\/strong><\/li>\n\n\n\n<li><strong>Svetomir Ivanovi\u0107<\/strong><\/li>\n<\/ul>\n\n\n\n<div class=\"wp-block-uagb-container uagb-block-ec4ddd0c alignfull uagb-is-root-container\"><div class=\"uagb-container-inner-blocks-wrap\">\n<h5 class=\"wp-block-heading\"><mark style=\"background-color:rgba(0, 0, 0, 0);color:#0693e3\" class=\"has-inline-color\"><strong>Akademija medicinskih nauka Srskog lekarskog dru\u0161tva<\/strong><\/mark><\/h5>\n<\/div><\/div>\n<\/div>\n<\/div>\n\n\n\n<div class=\"wp-block-uagb-container uagb-block-65fbbd5b alignfull uagb-is-root-container\"><div class=\"uagb-container-inner-blocks-wrap\">\n<p>Veliki broj nastavnika Katedre hirurgije su od osnivanja bili ili su <strong>\u010dlanovi <\/strong><mark style=\"background-color:rgba(0, 0, 0, 0);color:#0693e3\" class=\"has-inline-color\"><a href=\"https:\/\/amnsld.in.rs\/\" data-type=\"link\" data-id=\"https:\/\/amnsld.in.rs\/\"><strong>Akademije medicinskih nauka Srskog lekarskog dru\u0161tva<\/strong>.<\/a><\/mark><\/p>\n<\/div><\/div>\n","protected":false},"excerpt":{"rendered":"<p>\u0160efovi Katedre Katedre hirurgije Katedra za hirurgiju sa ratnom hirurgijom Katedra za hirurgiju sa anesteziologijom Dekani i prodekani Dekani Prodekani Akademici Srpska akademija nauka i umetnosti Crnogorska akademija nauka i umetnosti Akademija medicinskih nauka Srskog lekarskog dru\u0161tva Veliki broj nastavnika Katedre hirurgije su od osnivanja bili ili su \u010dlanovi Akademije medicinskih nauka Srskog lekarskog dru\u0161tva.<\/p>\n","protected":false},"author":2,"featured_media":0,"parent":0,"menu_order":0,"comment_status":"closed","ping_status":"closed","template":"","meta":{"_acf_changed":false,"_uag_custom_page_level_css":"","_swt_meta_header_display":false,"_swt_meta_footer_display":false,"_swt_meta_site_title_display":false,"_swt_meta_sticky_header":false,"_swt_meta_transparent_header":false,"footnotes":""},"class_list":["post-884","page","type-page","status-publish","hentry"],"acf":[],"uagb_featured_image_src":{"full":false,"thumbnail":false,"medium":false,"medium_large":false,"large":false,"1536x1536":false,"2048x2048":false,"ultp_layout_landscape_large":false,"ultp_layout_landscape":false,"ultp_layout_portrait":false,"ultp_layout_square":false},"uagb_author_info":{"display_name":"Aleksandar Simic","author_link":"https:\/\/hirurgija.med.bg.ac.rs\/index.php\/author\/simadmin\/"},"uagb_comment_info":0,"uagb_excerpt":"\u0160efovi Katedre Katedre hirurgije Katedra za hirurgiju sa ratnom hirurgijom Katedra za hirurgiju sa anesteziologijom Dekani i prodekani Dekani Prodekani Akademici Srpska akademija nauka i umetnosti Crnogorska akademija nauka i umetnosti Akademija medicinskih nauka Srskog lekarskog dru\u0161tva Veliki broj nastavnika Katedre hirurgije su od osnivanja bili ili su \u010dlanovi Akademije medicinskih nauka Srskog lekarskog dru\u0161tva.","_links":{"self":[{"href":"https:\/\/hirurgija.med.bg.ac.rs\/index.php\/wp-json\/wp\/v2\/pages\/884","targetHints":{"allow":["GET"]}}],"collection":[{"href":"https:\/\/hirurgija.med.bg.ac.rs\/index.php\/wp-json\/wp\/v2\/pages"}],"about":[{"href":"https:\/\/hirurgija.med.bg.ac.rs\/index.php\/wp-json\/wp\/v2\/types\/page"}],"author":[{"embeddable":true,"href":"https:\/\/hirurgija.med.bg.ac.rs\/index.php\/wp-json\/wp\/v2\/users\/2"}],"replies":[{"embeddable":true,"href":"https:\/\/hirurgija.med.bg.ac.rs\/index.php\/wp-json\/wp\/v2\/comments?post=884"}],"version-history":[{"count":12,"href":"https:\/\/hirurgija.med.bg.ac.rs\/index.php\/wp-json\/wp\/v2\/pages\/884\/revisions"}],"predecessor-version":[{"id":1064,"href":"https:\/\/hirurgija.med.bg.ac.rs\/index.php\/wp-json\/wp\/v2\/pages\/884\/revisions\/1064"}],"wp:attachment":[{"href":"https:\/\/hirurgija.med.bg.ac.rs\/index.php\/wp-json\/wp\/v2\/media?parent=884"}],"curies":[{"name":"wp","href":"https:\/\/api.w.org\/{rel}","templated":true}]}}