{"id":61,"date":"2025-01-22T11:58:48","date_gmt":"2025-01-22T10:58:48","guid":{"rendered":"https:\/\/hirurgija.med.bg.ac.rs\/?page_id=61"},"modified":"2026-01-04T17:17:33","modified_gmt":"2026-01-04T16:17:33","slug":"home","status":"publish","type":"page","link":"https:\/\/hirurgija.med.bg.ac.rs\/","title":{"rendered":"Home"},"content":{"rendered":"\n<div class=\"wp-block-uagb-container uagb-block-4575c090 alignfull uagb-is-root-container\"><div class=\"uagb-container-inner-blocks-wrap\"><div  class=\"wp-block-ultimate-post-image ultp-block-bbdb12\"><div class=\"ultp-block-wrapper\"><figure class=\"ultp-image-block-wrapper\"><div class=\"ultp-image-block ultp-image-block-none\"><img decoding=\"async\"  class=\"ultp-image\"  alt=\"Image Not Found\"  src=\"https:\/\/hirurgija.med.bg.ac.rs\/wp-content\/uploads\/2025\/01\/Logo-Katedra-Latinica-300x293.png\" \/><\/div><\/figure><\/div><\/div>\n\n\n<h2 class=\"wp-block-heading has-text-align-center has-background-color has-text-color has-link-color wp-elements-4c720b1bcaa7f73a0ce47693ef4e1ac8\"><strong>Katedra za hirurgiju sa anesteziologijom<\/strong><\/h2>\n\n\n\n<h3 class=\"wp-block-heading has-text-align-center has-background-color has-text-color has-link-color wp-elements-bf29367ccef1c6962c615b7d8ad93d71\" style=\"margin-top:0px;margin-bottom:0px\">Medicinskog fakulteta Univerziteta u Beogradu<\/h3>\n<\/div><\/div>\n\n\n\n<div class=\"wp-block-uagb-container uagb-block-b83f966f alignfull uagb-is-root-container\"><div class=\"uagb-container-inner-blocks-wrap\">\n<p>Nastava iz hirurgije na MFUB se izvodi po <strong>planu i programu<\/strong> koji je akreditovan od strane UB i Nastavno nau\u010dnog ve\u0107a MFUB i odvija se u toku IX i X semestra. Uslov za anga\u017eovanje studenata u nastavi iz hirurgije, a u okviru studijskog programa <strong>integrisanih akademskih studija<\/strong> (IAS), su polo\u017eeni svi ispiti \u010detvrte godine studija. Anga\u017eovanje studenata se izra\u017eava <strong>ESPB bodovima<\/strong> (vrednost jednog boda odgovara prose\u010dnom radnom anga\u017eovanju studenta od 25 \u010dasova), a broj ovih bodova za predmet hirurgije je 6, \u0161to iznosi 150 \u010dasova. Student ostvaruje bodove nakon zavr\u0161nog ispita.<\/p>\n\n\n\n<p>Cilj nastave iz hirurgije je da se student upozna sa svim savremenim <strong>oblastima hirurgije<\/strong> (op\u0161tom, abdominalnom, kardiovaskularnom, de\u010djom, endokrinom, grudnom, plasti\u010dnom, onkolo\u0161kom, ortopedskom, traumatolo\u0161kom, neurohirurgijom i urologijom, kao i principima anestezije i reanimacije) u slede\u0107im najva\u017enijim segmentima:<\/p>\n\n\n\n<ul class=\"wp-block-list\">\n<li>patofiziolo\u0161ki mehanizmi oboljenja koja se mogu le\u010diti hirur\u0161kim putem<\/li>\n\n\n\n<li>savremeni principi klini\u010dke, biohemijske I radiolo\u0161ke dijagnostike<\/li>\n\n\n\n<li>patogenetski mehanizam razvoja i le\u010denja komplikacija hirur\u0161kih oboljenja<\/li>\n\n\n\n<li>postoperativno le\u010denje<\/li>\n\n\n\n<li>anesteziolo\u0161ki i reanimatolo\u0161ki principi<\/li>\n<\/ul>\n\n\n\n<p>Znanje ste\u010deno u toku nastave iz hirurgije, uz definisan spisak prakti\u010dnih ve\u0161tina kojima studenti treba da ovladaju, omogu\u0107ava doktoru op\u0161te medicine da:<\/p>\n\n\n\n<div class=\"wp-block-ultimate-post-advanced-list ultp-block-fe0f2c\"><ul class=\"ultp-list-wrapper ultp-list-layout1\">\n<li class=\"wp-block-ultimate-post-list ultp-block-e4f26c\"><div class=\"ultp-list-content\"><div class=\"ultp-listicon-bg\"><svg xmlns=\"http:\/\/www.w3.org\/2000\/svg\" fill=\"currentColor\" viewBox=\"0 0 24 24\">\n  <path fill-rule=\"evenodd\" d=\"M12 1.25C6.063 1.25 1.25 6.063 1.25 12S6.063 22.75 12 22.75 22.75 17.937 22.75 12 17.937 1.25 12 1.25Zm4.737 8.426a1 1 0 0 0-1.474-1.352l-4.794 5.23-1.762-1.761a1 1 0 0 0-1.414 1.414l2.5 2.5a1 1 0 0 0 1.444-.031l5.5-6Z\" clip-rule=\"evenodd\"\/>\n<\/svg>\n<\/div><div class=\"ultp-list-title\">prepozna akutna hirur\u0161ka oboljenja i obavi osnovne diferencijalno dijagnosti\u010dke procedure u cilju potvr\u0111ivanja dijagnoze<\/div><\/div><\/li>\n\n\n\n<li class=\"wp-block-ultimate-post-list ultp-block-f7eda7\"><div class=\"ultp-list-content\"><div class=\"ultp-listicon-bg\"><svg xmlns=\"http:\/\/www.w3.org\/2000\/svg\" fill=\"currentColor\" viewBox=\"0 0 24 24\">\n  <path fill-rule=\"evenodd\" d=\"M12 1.25C6.063 1.25 1.25 6.063 1.25 12S6.063 22.75 12 22.75 22.75 17.937 22.75 12 17.937 1.25 12 1.25Zm4.737 8.426a1 1 0 0 0-1.474-1.352l-4.794 5.23-1.762-1.761a1 1 0 0 0-1.414 1.414l2.5 2.5a1 1 0 0 0 1.444-.031l5.5-6Z\" clip-rule=\"evenodd\"\/>\n<\/svg>\n<\/div><div class=\"ultp-list-title\">prepozna komplikacije potencijalno hirur\u0161kih bolesti<\/div><\/div><\/li>\n\n\n\n<li class=\"wp-block-ultimate-post-list ultp-block-67c036\"><div class=\"ultp-list-content\"><div class=\"ultp-listicon-bg\"><svg xmlns=\"http:\/\/www.w3.org\/2000\/svg\" fill=\"currentColor\" viewBox=\"0 0 24 24\">\n  <path fill-rule=\"evenodd\" d=\"M12 1.25C6.063 1.25 1.25 6.063 1.25 12S6.063 22.75 12 22.75 22.75 17.937 22.75 12 17.937 1.25 12 1.25Zm4.737 8.426a1 1 0 0 0-1.474-1.352l-4.794 5.23-1.762-1.761a1 1 0 0 0-1.414 1.414l2.5 2.5a1 1 0 0 0 1.444-.031l5.5-6Z\" clip-rule=\"evenodd\"\/>\n<\/svg>\n<\/div><div class=\"ultp-list-title\">pravovremeno uputi pacijenta na adekvatna dodatna ispitivanja<\/div><\/div><\/li>\n\n\n\n<li class=\"wp-block-ultimate-post-list ultp-block-f15260\"><div class=\"ultp-list-content\"><div class=\"ultp-listicon-bg\"><svg xmlns=\"http:\/\/www.w3.org\/2000\/svg\" fill=\"currentColor\" viewBox=\"0 0 24 24\">\n  <path fill-rule=\"evenodd\" d=\"M12 1.25C6.063 1.25 1.25 6.063 1.25 12S6.063 22.75 12 22.75 22.75 17.937 22.75 12 17.937 1.25 12 1.25Zm4.737 8.426a1 1 0 0 0-1.474-1.352l-4.794 5.23-1.762-1.761a1 1 0 0 0-1.414 1.414l2.5 2.5a1 1 0 0 0 1.444-.031l5.5-6Z\" clip-rule=\"evenodd\"\/>\n<\/svg>\n<\/div><div class=\"ultp-list-title\">zbrine manje povrede u ambulantnim uslovima po hirur\u0161kim principima po\u0161tovanja asepse i antisepse<\/div><\/div><\/li>\n\n\n\n<li class=\"wp-block-ultimate-post-list ultp-block-64614e\"><div class=\"ultp-list-content\"><div class=\"ultp-listicon-bg\"><svg xmlns=\"http:\/\/www.w3.org\/2000\/svg\" fill=\"currentColor\" viewBox=\"0 0 24 24\">\n  <path fill-rule=\"evenodd\" d=\"M12 1.25C6.063 1.25 1.25 6.063 1.25 12S6.063 22.75 12 22.75 22.75 17.937 22.75 12 17.937 1.25 12 1.25Zm4.737 8.426a1 1 0 0 0-1.474-1.352l-4.794 5.23-1.762-1.761a1 1 0 0 0-1.414 1.414l2.5 2.5a1 1 0 0 0 1.444-.031l5.5-6Z\" clip-rule=\"evenodd\"\/>\n<\/svg>\n<\/div><div class=\"ultp-list-title\">na vreme prepozna eventualne komplikacije u postoperativnom toku<\/div><\/div><\/li>\n<\/ul><\/div>\n\n\n\n<p><strong>Izborna nastava<\/strong> omogu\u0107ava studentima da steknu dodatna znanja i ve\u0161tine iz oblasti hirurgije za koji pokazuju posebni interes<\/p>\n\n\n\n<p>Svi oblici aktivne nastave se baziraju na radu <strong>u malim grupama<\/strong> \u0161to podrazumeva maksimalan broj od 80 studenata na predavanjima i 6-12 studenata u grupi za prakti\u010dnu nastavu. Insistira se na <strong>interaktivnoj nastavi<\/strong> kao savremenoj metodi izvo\u0111enja nastave, koja omogu\u0107ava studentima bolje razumevanje programske materije, usvajanje inventivnog znanja, formiranje sopstvenih stavova i usvajanje postoje\u0107ih nau\u010dnih doktrina. Uvedeni su oblici Izborne nastave, a posebna pa\u017enja se poklanja edukaciji <strong>urgentnih hirur\u0161kih stanja.<\/strong><\/p>\n\n\n\n<p>U skladu sa programom, nastava se izvodi na <strong>19 nastavnih baza<\/strong> koje su od osnivanja do danas bile i ostale najzna\u010dajniji deo srpske hirurgije i anesteziologije. Uporedo sa usvajanjem novih hirur\u0161kih ve\u0161tina i tehnika, intezivne stru\u010dno-nau\u010dne aktivnosti, tokom proteklih godina kontinuirano ja\u010da i uloga nastavne baze u razli\u010ditim vidovima nastave MFUB. U nastavnim bazama Katedre za hirurgiju sa anesteziologijom se redovno odvija teoretska, seminarska i prakti\u010dna osnovna nastava iz predmeta Hirurgije sa anesteziologijom, Prve pomo\u0107i, Osnova klini\u010dke prakse I i II, Klini\u010dkog sta\u017ea, Letnje prakse i Izborne nastave, kao i odgovaraju\u0107a nastava za studente koji poha\u0111aju nastavu na engleskom jeziku. U nastavnim bazama su tako\u0111e formirani visoki doktrinarni kriterijumi hirur\u0161kih ve\u0161tina, savremeni stavovi edukacije i nau\u010dnoistra\u017eiva\u010dkog rada sa defenisanim budu\u0107im pravcima razvoja.<\/p>\n\n\n\n<p>Katedru hirurgije u u\u017eem sastavu, a radi efikasnijeg rada s obzirom na brojnost, \u010dini rukovodstvo Katedre i rukovodioci nastavnih baza.<\/p>\n<\/div><\/div>\n\n\n\n<div class=\"wp-block-uagb-container uagb-block-2e685c5e alignfull uagb-is-root-container\"><div class=\"uagb-container-inner-blocks-wrap\">\n<figure class=\"wp-block-embed is-type-video is-provider-youtube wp-block-embed-youtube wp-embed-aspect-16-9 wp-has-aspect-ratio\"><div class=\"wp-block-embed__wrapper\">\n<iframe title=\"100 godina Katedre za hirurgiju Medicinskog fakuktelteta Univerziteta u Beogradu\" width=\"500\" height=\"281\" src=\"https:\/\/www.youtube.com\/embed\/t6xHxE0x2S4?feature=oembed\" frameborder=\"0\" allow=\"accelerometer; autoplay; clipboard-write; encrypted-media; gyroscope; picture-in-picture; web-share\" referrerpolicy=\"strict-origin-when-cross-origin\" allowfullscreen><\/iframe>\n<\/div><\/figure>\n<\/div><\/div>\n","protected":false},"excerpt":{"rendered":"<p>Katedra za hirurgiju sa anesteziologijom Medicinskog fakulteta Univerziteta u Beogradu Nastava iz hirurgije na MFUB se izvodi po planu i programu koji je akreditovan od strane UB i Nastavno nau\u010dnog ve\u0107a MFUB i odvija se u toku IX i X semestra. Uslov za anga\u017eovanje studenata u nastavi iz hirurgije, a u okviru studijskog programa integrisanih [&hellip;]<\/p>\n","protected":false},"author":1,"featured_media":0,"parent":0,"menu_order":0,"comment_status":"closed","ping_status":"closed","template":"","meta":{"_acf_changed":false,"_uag_custom_page_level_css":"","_swt_meta_header_display":false,"_swt_meta_footer_display":false,"_swt_meta_site_title_display":true,"_swt_meta_sticky_header":false,"_swt_meta_transparent_header":false,"footnotes":""},"class_list":["post-61","page","type-page","status-publish","hentry"],"acf":[],"uagb_featured_image_src":{"full":false,"thumbnail":false,"medium":false,"medium_large":false,"large":false,"1536x1536":false,"2048x2048":false,"ultp_layout_landscape_large":false,"ultp_layout_landscape":false,"ultp_layout_portrait":false,"ultp_layout_square":false},"uagb_author_info":{"display_name":"hiradmin","author_link":"https:\/\/hirurgija.med.bg.ac.rs\/index.php\/author\/hiradmin\/"},"uagb_comment_info":0,"uagb_excerpt":"Katedra za hirurgiju sa anesteziologijom Medicinskog fakulteta Univerziteta u Beogradu Nastava iz hirurgije na MFUB se izvodi po planu i programu koji je akreditovan od strane UB i Nastavno nau\u010dnog ve\u0107a MFUB i odvija se u toku IX i X semestra. Uslov za anga\u017eovanje studenata u nastavi iz hirurgije, a u okviru studijskog programa integrisanih&hellip;","_links":{"self":[{"href":"https:\/\/hirurgija.med.bg.ac.rs\/index.php\/wp-json\/wp\/v2\/pages\/61","targetHints":{"allow":["GET"]}}],"collection":[{"href":"https:\/\/hirurgija.med.bg.ac.rs\/index.php\/wp-json\/wp\/v2\/pages"}],"about":[{"href":"https:\/\/hirurgija.med.bg.ac.rs\/index.php\/wp-json\/wp\/v2\/types\/page"}],"author":[{"embeddable":true,"href":"https:\/\/hirurgija.med.bg.ac.rs\/index.php\/wp-json\/wp\/v2\/users\/1"}],"replies":[{"embeddable":true,"href":"https:\/\/hirurgija.med.bg.ac.rs\/index.php\/wp-json\/wp\/v2\/comments?post=61"}],"version-history":[{"count":32,"href":"https:\/\/hirurgija.med.bg.ac.rs\/index.php\/wp-json\/wp\/v2\/pages\/61\/revisions"}],"predecessor-version":[{"id":1109,"href":"https:\/\/hirurgija.med.bg.ac.rs\/index.php\/wp-json\/wp\/v2\/pages\/61\/revisions\/1109"}],"wp:attachment":[{"href":"https:\/\/hirurgija.med.bg.ac.rs\/index.php\/wp-json\/wp\/v2\/media?parent=61"}],"curies":[{"name":"wp","href":"https:\/\/api.w.org\/{rel}","templated":true}]}}