{"id":571,"date":"2025-03-04T11:23:46","date_gmt":"2025-03-04T10:23:46","guid":{"rendered":"https:\/\/hirurgija.med.bg.ac.rs\/?page_id=571"},"modified":"2026-02-28T07:55:05","modified_gmt":"2026-02-28T06:55:05","slug":"ortopedska-klinika","status":"publish","type":"page","link":"https:\/\/hirurgija.med.bg.ac.rs\/index.php\/organizacija\/ortopedska-klinika\/","title":{"rendered":"Ortopedska klinika"},"content":{"rendered":"\n<div class=\"wp-block-uagb-container uagb-block-659fe5c2 alignfull uagb-is-root-container\">\n<h3 class=\"wp-block-heading has-text-align-center has-background-color has-text-color has-link-color wp-elements-30c73e045348b9b56e5d6efea065a9b5\">Klinika za ortopedsku hirurgiju i traumatologiju<br>UKCS<\/h3>\n<\/div>\n\n\n\n<div class=\"wp-block-group alignwide has-global-padding is-layout-constrained wp-container-core-group-is-layout-fa72c8b5 wp-block-group-is-layout-constrained\" style=\"padding-top:var(--wp--preset--spacing--x-large);padding-bottom:var(--wp--preset--spacing--x-large)\">\n<div class=\"wp-block-columns alignwide is-layout-flex wp-container-core-columns-is-layout-00f84694 wp-block-columns-is-layout-flex\">\n<div class=\"wp-block-column is-layout-flow wp-block-column-is-layout-flow\" style=\"flex-basis:80%\">\n<div class=\"wp-block-uagb-image alignleft uagb-block-644c1e0b wp-block-uagb-image--layout-default wp-block-uagb-image--effect-static wp-block-uagb-image--align-left\"><figure class=\"wp-block-uagb-image__figure\"><img loading=\"lazy\" decoding=\"async\"  sizes=\"auto, (max-width: 480px) 150px\" src=\"https:\/\/hirurgija.med.bg.ac.rs\/wp-content\/themes\/spectra-one\/assets\/image\/placeholder-portrait.svg\" alt=\"\" width=\"400\" height=\"300\" title=\"\" loading=\"lazy\" role=\"presentation\"\/><\/figure><\/div>\n<\/div>\n\n\n\n<div class=\"wp-block-column is-vertically-aligned-top is-layout-flow wp-container-core-column-is-layout-c7b3064f wp-block-column-is-layout-flow\" style=\"flex-basis:120%\">\n<div class=\"wp-block-group has-global-padding is-content-justification-left is-layout-constrained wp-container-core-group-is-layout-12dd3699 wp-block-group-is-layout-constrained\">\n<div class=\"wp-block-group alignfull is-nowrap is-layout-flex wp-container-core-group-is-layout-6c531013 wp-block-group-is-layout-flex\">\n<figure class=\"wp-block-image size-thumbnail is-resized swt-duotone-primary\"><img decoding=\"async\" width=\"150\" height=\"150\" src=\"https:\/\/hirurgija.med.bg.ac.rs\/wp-content\/uploads\/2025\/02\/icon-pin-location-150x150.png\" alt=\"\" class=\"wp-image-186\" style=\"width:30px\" srcset=\"https:\/\/hirurgija.med.bg.ac.rs\/wp-content\/uploads\/2025\/02\/icon-pin-location-150x150.png 150w, https:\/\/hirurgija.med.bg.ac.rs\/wp-content\/uploads\/2025\/02\/icon-pin-location-300x300.png 300w, https:\/\/hirurgija.med.bg.ac.rs\/wp-content\/uploads\/2025\/02\/icon-pin-location.png 512w\" sizes=\"(max-width: 150px) 100vw, 150px\" \/><\/figure>\n\n\n\n<p class=\"wp-block-heading has-heading-color has-text-color\">Dr Koste Todorovi\u0107a 26<\/p>\n<\/div>\n<\/div>\n\n\n\n<div class=\"wp-block-group has-global-padding is-content-justification-left is-layout-constrained wp-container-core-group-is-layout-12dd3699 wp-block-group-is-layout-constrained\">\n<div class=\"wp-block-group alignfull is-nowrap is-layout-flex wp-container-core-group-is-layout-6c531013 wp-block-group-is-layout-flex\">\n<figure class=\"wp-block-image size-thumbnail is-resized swt-duotone-primary\"><img decoding=\"async\" width=\"150\" height=\"150\" src=\"https:\/\/hirurgija.med.bg.ac.rs\/wp-content\/uploads\/2025\/02\/icon-secretary1-150x150.png\" alt=\"\" class=\"wp-image-195\" style=\"width:30px\" srcset=\"https:\/\/hirurgija.med.bg.ac.rs\/wp-content\/uploads\/2025\/02\/icon-secretary1-150x150.png 150w, https:\/\/hirurgija.med.bg.ac.rs\/wp-content\/uploads\/2025\/02\/icon-secretary1-300x300.png 300w, https:\/\/hirurgija.med.bg.ac.rs\/wp-content\/uploads\/2025\/02\/icon-secretary1.png 512w\" sizes=\"(max-width: 150px) 100vw, 150px\" \/><\/figure>\n\n\n\n<p class=\"wp-block-heading has-heading-color has-text-color\">Tanja Tomi\u0107<\/p>\n<\/div>\n<\/div>\n\n\n\n<div class=\"wp-block-group has-global-padding is-content-justification-left is-layout-constrained wp-container-core-group-is-layout-12dd3699 wp-block-group-is-layout-constrained\">\n<div class=\"wp-block-group alignfull is-nowrap is-layout-flex wp-container-core-group-is-layout-6c531013 wp-block-group-is-layout-flex\">\n<figure class=\"wp-block-image size-thumbnail is-resized swt-duotone-primary\"><img decoding=\"async\" width=\"150\" height=\"150\" src=\"https:\/\/hirurgija.med.bg.ac.rs\/wp-content\/uploads\/2025\/02\/icon-phone-blue-150x150.png\" alt=\"\" class=\"wp-image-185\" style=\"width:30px\" srcset=\"https:\/\/hirurgija.med.bg.ac.rs\/wp-content\/uploads\/2025\/02\/icon-phone-blue-150x150.png 150w, https:\/\/hirurgija.med.bg.ac.rs\/wp-content\/uploads\/2025\/02\/icon-phone-blue-300x300.png 300w, https:\/\/hirurgija.med.bg.ac.rs\/wp-content\/uploads\/2025\/02\/icon-phone-blue.png 512w\" sizes=\"(max-width: 150px) 100vw, 150px\" \/><\/figure>\n\n\n<div class=\"ppw-restricted-content ppw-pcp-container\" id=\"571252\">\n\t<form method=\"post\" autocomplete=\"off\" action=\"https:\/\/hirurgija.med.bg.ac.rs\/index.php\/organizacija\/ortopedska-klinika\/?action=postpass&r=70\" target=\"_top\" class=\"post-password-form ppw-form ppw-pcp-password-form\" data-submit=\"571\">\n\t\t<div class=\"ppw-headline ppw-pcp-pf-headline\">Restricted Content<\/div>\n\t\t<div class=\"ppw-description ppw-pcp-pf-desc\">To view this protected content, enter the password below:<\/div>\n\t\t\n\t\t<p class=\"ppw-input\">\n\t\t\t<input type=\"hidden\" value=\"0\" name=\"area\" \/>\n\t\t\t<label class=\"ppw-pcp-password-label\">Password: <input placeholder=\"\" type=\"password\" tabindex=\"1\" name=\"571\" class=\"ppw-password-input ppw-pcp-pf-password-input\" autocomplete=\"new-password\">\n\t\t\t<\/label>\n\t\t\t<input class=\"ppw-page\" type=\"hidden\" value=\"1\" \/>\n\t\t\t\n\t\t\t\t\t\t<input name=\"submit\" type=\"submit\" data-loading=\"Loading...\" class=\"ppw-submit ppw-pcp-pf-submit-btn\" value=\"Enter\"\/>\n\t\t<\/p>\n\t\t\n\t\t<div class=\"ppw-pcp-pf-desc-below-form\"><\/div>\n\t\t\n\t\t<div class=\"ppw-error ppw-pcp-pf-error-msg\" style=\"color: #dc3232\">\n\t\t\t\n\t\t<\/div>\n\t<\/form>\n<\/div>\n\n<\/div>\n<\/div>\n<\/div>\n<\/div>\n\n\n\n<h4 class=\"wp-block-heading has-background-color has-primary-gradient-background has-text-color has-background has-link-color wp-elements-0bef5b4f0959ad1d3db15dd2bd87c5c5\">Rukovodstvo nastavne baze<\/h4>\n\n\n\n<div class=\"wp-block-group is-content-justification-center is-nowrap is-layout-flex wp-container-core-group-is-layout-23441af8 wp-block-group-is-layout-flex\">\n<div class=\"wp-block-columns is-layout-flex wp-container-core-columns-is-layout-28f84493 wp-block-columns-is-layout-flex\">\n<div class=\"wp-block-column is-layout-flow wp-block-column-is-layout-flow\">\n<h5 class=\"wp-block-heading has-text-align-center\">Rukovodilac<\/h5>\n\n\n\n<div class=\"wp-block-uagb-info-box uagb-block-0bd04daf uagb-infobox__content-wrap  uagb-infobox-icon-above-title uagb-infobox-image-valign-top\"><div class=\"uagb-ifb-content\"><div class=\"uagb-ifb-image-content\"><img decoding=\"async\" src=\"https:\/\/hirurgija.med.bg.ac.rs\/wp-content\/uploads\/2025\/01\/Red-prof-1-300x300.jpg\" alt=\"\" width=\"\" height=\"0\" loading=\"lazy\"\/><\/div><div class=\"uagb-ifb-title-wrap\"><h6 class=\"uagb-ifb-title\">Prof. dr Goran Tuli\u0107<\/h6><\/div><\/div><\/div>\n<\/div>\n\n\n\n<div class=\"wp-block-column is-layout-flow wp-block-column-is-layout-flow\">\n<h5 class=\"wp-block-heading has-text-align-center\">Sekretar<\/h5>\n\n\n\n<div class=\"wp-block-uagb-info-box uagb-block-094d397e uagb-infobox__content-wrap  uagb-infobox-icon-above-title uagb-infobox-image-valign-top\"><div class=\"uagb-ifb-content\"><div class=\"uagb-ifb-image-content\"><img decoding=\"async\" src=\"https:\/\/hirurgija.med.bg.ac.rs\/wp-content\/uploads\/2025\/01\/Red-prof-1-300x300.jpg\" alt=\"\" width=\"\" height=\"0\" loading=\"lazy\"\/><\/div><div class=\"uagb-ifb-title-wrap\"><h6 class=\"uagb-ifb-title\">Doc. dr <\/h6><\/div><\/div><\/div>\n<\/div>\n<\/div>\n<\/div>\n\n\n\n<h4 class=\"wp-block-heading has-background-color has-primary-gradient-background has-text-color has-background has-link-color wp-elements-487803a7263474072e139d602e0d290a\">Redovni profesori<\/h4>\n\n\n\n<h4 class=\"wp-block-heading has-background-color has-primary-gradient-background has-text-color has-background has-link-color wp-elements-ae8d519c1cee4e1e2a2e645d0b296bd3\">Vanredni profesori<\/h4>\n\n\n\n<h4 class=\"wp-block-heading has-background-color has-primary-gradient-background has-text-color has-background has-link-color wp-elements-480e878ed04f09282c63ace5c177dc52\">Docenti<\/h4>\n\n\n\n<h4 class=\"wp-block-heading has-background-color has-primary-gradient-background has-text-color has-background has-link-color wp-elements-41b6244281af523cf4e7ffd0e25829f9\">Klini\u010dki asistenti<\/h4>\n\n\n\n<h4 class=\"wp-block-heading has-background-color has-primary-gradient-background has-text-color has-background has-link-color wp-elements-f7be1e96075d1cb59f0ab0de799cde45\">Projekti<\/h4>\n\n\n\n<div class=\"wp-block-ultimate-post-advanced-list ultp-block-d121dc\"><ul class=\"ultp-list-wrapper ultp-list-layout1\">\n<li class=\"wp-block-ultimate-post-list ultp-block-82ce0f\"><div class=\"ultp-list-content\"><div class=\"ultp-listicon-bg\"><svg xmlns=\"http:\/\/www.w3.org\/2000\/svg\" viewBox=\"0 0 48 48\"><g><path d=\"M24 4.1A19.9 19.9 0 1 1 4.1 24 19.922 19.922 0 0 1 24 4.1M24 0a24 24 0 1 0 24 24A24 24 0 0 0 24 0\"><\/path><path d=\"M20.333 32.836a2.258 2.258 0 0 1-1.6-.664l-6.179-6.178a2.05 2.05 0 0 1 2.9-2.9l4.885 4.884 12.217-12.216a2.05 2.05 0 0 1 2.9 2.9l-13.51 13.51a2.259 2.259 0 0 1-1.6.664\"><\/path><\/g><\/svg><\/div><div class=\"ultp-list-title\">List Item<\/div><\/div><\/li>\n\n\n\n<li class=\"wp-block-ultimate-post-list ultp-block-370615\"><div class=\"ultp-list-content\"><div class=\"ultp-listicon-bg\"><svg xmlns=\"http:\/\/www.w3.org\/2000\/svg\" viewBox=\"0 0 48 48\"><g><path d=\"M24 4.1A19.9 19.9 0 1 1 4.1 24 19.922 19.922 0 0 1 24 4.1M24 0a24 24 0 1 0 24 24A24 24 0 0 0 24 0\"><\/path><path d=\"M20.333 32.836a2.258 2.258 0 0 1-1.6-.664l-6.179-6.178a2.05 2.05 0 0 1 2.9-2.9l4.885 4.884 12.217-12.216a2.05 2.05 0 0 1 2.9 2.9l-13.51 13.51a2.259 2.259 0 0 1-1.6.664\"><\/path><\/g><\/svg><\/div><div class=\"ultp-list-title\">List Item<\/div><\/div><\/li>\n\n\n\n<li class=\"wp-block-ultimate-post-list ultp-block-8570e2\"><div class=\"ultp-list-content\"><div class=\"ultp-listicon-bg\"><svg xmlns=\"http:\/\/www.w3.org\/2000\/svg\" viewBox=\"0 0 48 48\"><g><path d=\"M24 4.1A19.9 19.9 0 1 1 4.1 24 19.922 19.922 0 0 1 24 4.1M24 0a24 24 0 1 0 24 24A24 24 0 0 0 24 0\"><\/path><path d=\"M20.333 32.836a2.258 2.258 0 0 1-1.6-.664l-6.179-6.178a2.05 2.05 0 0 1 2.9-2.9l4.885 4.884 12.217-12.216a2.05 2.05 0 0 1 2.9 2.9l-13.51 13.51a2.259 2.259 0 0 1-1.6.664\"><\/path><\/g><\/svg><\/div><div class=\"ultp-list-title\">List Item<\/div><\/div><\/li>\n<\/ul><\/div>\n\n\n\n<p><\/p>\n","protected":false},"excerpt":{"rendered":"<p>Klinika za ortopedsku hirurgiju i traumatologijuUKCS Dr Koste Todorovi\u0107a 26 Tanja Tomi\u0107 Rukovodstvo nastavne baze Rukovodilac Sekretar Redovni profesori Vanredni profesori Docenti Klini\u010dki asistenti Projekti<\/p>\n","protected":false},"author":1,"featured_media":0,"parent":66,"menu_order":0,"comment_status":"closed","ping_status":"closed","template":"","meta":{"_acf_changed":false,"_uag_custom_page_level_css":"","_swt_meta_header_display":false,"_swt_meta_footer_display":false,"_swt_meta_site_title_display":true,"_swt_meta_sticky_header":false,"_swt_meta_transparent_header":false,"footnotes":""},"class_list":["post-571","page","type-page","status-publish","hentry"],"acf":[],"uagb_featured_image_src":{"full":false,"thumbnail":false,"medium":false,"medium_large":false,"large":false,"1536x1536":false,"2048x2048":false,"ultp_layout_landscape_large":false,"ultp_layout_landscape":false,"ultp_layout_portrait":false,"ultp_layout_square":false},"uagb_author_info":{"display_name":"hiradmin","author_link":"https:\/\/hirurgija.med.bg.ac.rs\/index.php\/author\/hiradmin\/"},"uagb_comment_info":0,"uagb_excerpt":"Klinika za ortopedsku hirurgiju i traumatologijuUKCS Dr Koste Todorovi\u0107a 26 Tanja Tomi\u0107 Rukovodstvo nastavne baze Rukovodilac Sekretar Redovni profesori Vanredni profesori Docenti Klini\u010dki asistenti Projekti","_links":{"self":[{"href":"https:\/\/hirurgija.med.bg.ac.rs\/index.php\/wp-json\/wp\/v2\/pages\/571","targetHints":{"allow":["GET"]}}],"collection":[{"href":"https:\/\/hirurgija.med.bg.ac.rs\/index.php\/wp-json\/wp\/v2\/pages"}],"about":[{"href":"https:\/\/hirurgija.med.bg.ac.rs\/index.php\/wp-json\/wp\/v2\/types\/page"}],"author":[{"embeddable":true,"href":"https:\/\/hirurgija.med.bg.ac.rs\/index.php\/wp-json\/wp\/v2\/users\/1"}],"replies":[{"embeddable":true,"href":"https:\/\/hirurgija.med.bg.ac.rs\/index.php\/wp-json\/wp\/v2\/comments?post=571"}],"version-history":[{"count":4,"href":"https:\/\/hirurgija.med.bg.ac.rs\/index.php\/wp-json\/wp\/v2\/pages\/571\/revisions"}],"predecessor-version":[{"id":1131,"href":"https:\/\/hirurgija.med.bg.ac.rs\/index.php\/wp-json\/wp\/v2\/pages\/571\/revisions\/1131"}],"up":[{"embeddable":true,"href":"https:\/\/hirurgija.med.bg.ac.rs\/index.php\/wp-json\/wp\/v2\/pages\/66"}],"wp:attachment":[{"href":"https:\/\/hirurgija.med.bg.ac.rs\/index.php\/wp-json\/wp\/v2\/media?parent=571"}],"curies":[{"name":"wp","href":"https:\/\/api.w.org\/{rel}","templated":true}]}}